{"id":14,"date":"2016-11-12T14:31:49","date_gmt":"2016-11-12T14:31:49","guid":{"rendered":"http:\/\/bernhard-knoepfle.de\/?page_id=14"},"modified":"2018-06-11T22:16:49","modified_gmt":"2018-06-11T22:16:49","slug":"impressum","status":"publish","type":"page","link":"https:\/\/bernhard-knoepfle.de\/?page_id=14","title":{"rendered":"Impressum"},"content":{"rendered":"<p>Angaben gem\u00e4\u00df \u00a7 5 TMG:<\/p>\n<p>B\u00fcro f\u00fcr Baustatik &amp; Planung<\/p>\n<p>Bernhard Kn\u00f6pfle<\/p>\n<p>Talstra\u00dfe 16<br \/>\n79843 L\u00f6ffingen<\/p>\n<p>Kontakt:<\/p>\n<p>Telefon: 07654\/77170<br \/>\nTelefax: 07654\/77358<br \/>\nbknoepfle(at)t-online.de<\/p>\n<p>Haftung f\u00fcr Inhalte<\/p>\n<p>Nach \u00a77 TMG sind wir als Diensteanbieter f\u00fcr eigene Inhalte auf diesen Seiten nach den allgemein g\u00fcltigen Gesetzen verantwortlich.<\/p>\n<p>Die Inhalte unserer Seiten wurden daher mit gr\u00f6\u00dfter Sorgfalt erstellt. Wir k\u00f6nnen jedoch f\u00fcr die Richtigkeit, Vollst\u00e4ndigkeit und Aktualit\u00e4t der Inhalte keine Gew\u00e4hr \u00fcbernehmen.<\/p>\n<p>Nach \u00a7\u00a7 8 bis 10 TMG sind wir als Diensteanbieter nicht verpflichtet, \u00fcbermittelte oder gespeicherte fremde Informationen zu \u00fcberwachen oder nach Umst\u00e4nden zu forschen, die auf eine rechtswidrige T\u00e4tigkeit hinweisen. Verpflichtungen zur Entfernung oder Sperrung der Nutzung von Informationen nach den allgemeinen Gesetzen bleiben hiervon unber\u00fchrt. Eine diesbez\u00fcgliche Haftung ist jedoch erst ab dem Zeitpunkt der Kenntnis einer konkreten Rechtsverletzung m\u00f6glich. Im Falle einer uns bekannten Rechtsverletzung werden diese Inhalte umgehend entfernt.<\/p>\n<p>Haftungsausschluss<\/p>\n<p>Sollte der Inhalt dieser Seite Rechte Dritter oder gesetzliche Bestimmungen verletzen, so bitten wir h\u00f6flichst um eine entsprechende Nachricht. Wir garantieren, dass zu Recht beanstandete Passagen unverz\u00fcglich entfernt werden. Dazu ist das Beauftragen eines Anwaltes nicht erforderlich. Sollten Sie trotzdem einen Anwalt einschalten, k\u00f6nnen dessen Kosten gem. \u00a7 254 BGB nicht geltend gemacht werden.<\/p>\n<p>Haftung f\u00fcr weiterf\u00fchrende Links<\/p>\n<p>Unser Angebot enth\u00e4lt Links zu externen Webseiten Dritter, auf deren Inhalte wir keinen Einfluss haben. F\u00fcr die Inhalte der verlinkten Seiten ist stets der jeweilige Anbieter oder Betreiber der Seiten verantwortlich. Daher kann f\u00fcr fremde Inhalte keine Gew\u00e4hr \u00fcbernommen werden. Die verlinkten Seiten wurden zum Zeitpunkt der Verlinkung auf m\u00f6gliche Rechtsverst\u00f6\u00dfe \u00fcberpr\u00fcft. Rechtswidrige Inhalte waren zum Zeitpunkt der Verlinkung nicht erkennbar. Eine permanente inhaltliche Kontrolle der verlinkten Seiten ist jedoch &#8211; ohne konkrete Anhaltspunkte einer Rechtsverletzung &#8211; nicht zumutbar. Bei Bekanntwerden von Rechtsverletzungen werden derartige Links umgehend entfernt.<\/p>\n<p>Urheberrecht<\/p>\n<p>Die durch die Seitenbetreiber erstellten Inhalte und Werke auf diesen Seiten unterliegen dem deutschen Urheberrecht. Die Vervielf\u00e4ltigung, Bearbeitung, Verbreitung und jede Art der Verwertung au\u00dferhalb der Grenzen des Urheberrechtes bed\u00fcrfen der schriftlichen Zustimmung des jeweiligen Autors bzw. Erstellers.<\/p>\n<p>Soweit die Inhalte auf dieser Seite nicht vom Betreiber erstellt wurden, werden die Urheberrechte Dritter beachtet. Sollte versehentlich eine Urheberrechtsverletzung erfolgt sein, so wird um einen entsprechenden Hinweis gebeten. Bei Bekanntwerden von Rechtsverletzungen werden derartige Inhalte umgehend entfernt.<\/p>\n","protected":false},"excerpt":{"rendered":"<p>Angaben gem\u00e4\u00df \u00a7 5 TMG: B\u00fcro f\u00fcr Baustatik &amp; Planung Bernhard Kn\u00f6pfle Talstra\u00dfe 16 79843 L\u00f6ffingen Kontakt: Telefon: 07654\/77170 Telefax: 07654\/77358 bknoepfle(at)t-online.de Haftung f\u00fcr Inhalte Nach \u00a77 TMG sind wir als Diensteanbieter f\u00fcr eigene Inhalte auf diesen Seiten nach den allgemein g\u00fcltigen Gesetzen verantwortlich. Die Inhalte unserer Seiten wurden daher mit gr\u00f6\u00dfter Sorgfalt erstellt. Wir [&hellip;]<\/p>\n","protected":false},"author":1,"featured_media":0,"parent":0,"menu_order":0,"comment_status":"closed","ping_status":"closed","template":"template-fullwidth.php","meta":{"footnotes":""},"class_list":["post-14","page","type-page","status-publish","hentry"],"_links":{"self":[{"href":"https:\/\/bernhard-knoepfle.de\/index.php?rest_route=\/wp\/v2\/pages\/14","targetHints":{"allow":["GET"]}}],"collection":[{"href":"https:\/\/bernhard-knoepfle.de\/index.php?rest_route=\/wp\/v2\/pages"}],"about":[{"href":"https:\/\/bernhard-knoepfle.de\/index.php?rest_route=\/wp\/v2\/types\/page"}],"author":[{"embeddable":true,"href":"https:\/\/bernhard-knoepfle.de\/index.php?rest_route=\/wp\/v2\/users\/1"}],"replies":[{"embeddable":true,"href":"https:\/\/bernhard-knoepfle.de\/index.php?rest_route=%2Fwp%2Fv2%2Fcomments&post=14"}],"version-history":[{"count":5,"href":"https:\/\/bernhard-knoepfle.de\/index.php?rest_route=\/wp\/v2\/pages\/14\/revisions"}],"predecessor-version":[{"id":138,"href":"https:\/\/bernhard-knoepfle.de\/index.php?rest_route=\/wp\/v2\/pages\/14\/revisions\/138"}],"wp:attachment":[{"href":"https:\/\/bernhard-knoepfle.de\/index.php?rest_route=%2Fwp%2Fv2%2Fmedia&parent=14"}],"curies":[{"name":"wp","href":"https:\/\/api.w.org\/{rel}","templated":true}]}}