{"id":139,"date":"2025-02-01T19:33:33","date_gmt":"2025-02-01T19:33:33","guid":{"rendered":"https:\/\/bernhard-knoepfle.de\/?page_id=139"},"modified":"2025-02-03T21:17:27","modified_gmt":"2025-02-03T21:17:27","slug":"ueber-uns-2","status":"publish","type":"page","link":"https:\/\/bernhard-knoepfle.de\/?page_id=139","title":{"rendered":"\u00dcber uns"},"content":{"rendered":"\n<div class=\"wp-block-group alignfull has-base-background-color has-background has-global-padding is-layout-constrained wp-container-core-group-is-layout-d89aad35 wp-block-group-is-layout-constrained\" style=\"margin-top:0;margin-bottom:0;padding-top:var(--wp--preset--spacing--50);padding-right:var(--wp--preset--spacing--50);padding-bottom:var(--wp--preset--spacing--50);padding-left:var(--wp--preset--spacing--50)\">\n<div class=\"wp-block-columns alignwide is-layout-flex wp-container-core-columns-is-layout-549b0c86 wp-block-columns-is-layout-flex\">\n<div class=\"wp-block-column has-global-padding is-content-justification-left is-layout-constrained wp-container-core-column-is-layout-4f15e8fe wp-block-column-is-layout-constrained\" style=\"flex-basis:40%\">\n<p><strong>Bernhard Kn\u00f6pfle<\/strong>, studierter Bauingenieur (Dipl.Ing, Fachhochschule Konstanz), arbeitete im B\u00fcro Eugen Kn\u00f6pfle, Freier Architekt, in Friedenweiler, sowie nebenbei als freier Mitarbeiter bei OKAL-BAU. Von 1986 bis 1990 arbeitete er als Bauingenieur f\u00fcr das Ing.B\u00fcro Werner Reppel, B\u00fcro f\u00fcr Tragwerksbau, in Titisee-Neustadt bis er dann 1990 als Mitinhaber in das v\u00e4terliche B\u00fcro (Eugen Kn\u00f6pfle) einstieg, welches er seit 2006 alleine weiterf\u00fchrt.<\/p>\n<\/div>\n\n\n\n<div class=\"wp-block-column is-layout-flow wp-container-core-column-is-layout-119bc444 wp-block-column-is-layout-flow\" style=\"flex-basis:60%\">\n<p class=\"has-heading-font-family has-x-large-font-size\" style=\"line-height:1.2\">Mit Pr\u00e4zision und Fachwissen sorgen wir f\u00fcr stabile Tragwerke und sichere Bauprojekte \u2013 durchdacht, zuverl\u00e4ssig und langlebig.<\/p>\n\n\n\n<div class=\"wp-block-columns is-layout-flex wp-container-core-columns-is-layout-87beb0d0 wp-block-columns-is-layout-flex\">\n<div class=\"wp-block-column is-layout-flow wp-block-column-is-layout-flow\">\n<p><strong>Unser Team besteht aus<\/strong><\/p>\n\n\n\n<ul class=\"wp-block-list\">\n<li>Bernhard Kn\u00f6pfle (Dipl.-Bauingenieur)<\/li>\n\n\n\n<li>Kathrin Reppel-Kn\u00f6pfle (Bauzeichnerin)<\/li>\n<\/ul>\n<\/div>\n\n\n\n<div class=\"wp-block-column is-layout-flow wp-block-column-is-layout-flow\">\n<p><strong>Unser Fokus liegt auf<\/strong><\/p>\n\n\n\n<ul class=\"wp-block-list\">\n<li>Wohnh\u00e4usern<\/li>\n\n\n\n<li>Gewerbebauten<\/li>\n\n\n\n<li>landwirtschaftlichen Geb\u00e4uden<\/li>\n<\/ul>\n<\/div>\n<\/div>\n<\/div>\n<\/div>\n\n\n\n<p><\/p>\n<\/div>\n","protected":false},"excerpt":{"rendered":"<p>Bernhard Kn\u00f6pfle, studierter Bauingenieur (Dipl.Ing, Fachhochschule Konstanz), arbeitete im B\u00fcro Eugen Kn\u00f6pfle, Freier Architekt, in Friedenweiler, sowie nebenbei als freier Mitarbeiter bei OKAL-BAU. Von 1986 bis 1990 arbeitete er als Bauingenieur f\u00fcr das Ing.B\u00fcro Werner Reppel, B\u00fcro f\u00fcr Tragwerksbau, in Titisee-Neustadt bis er dann 1990 als Mitinhaber in das v\u00e4terliche B\u00fcro (Eugen Kn\u00f6pfle) einstieg, welches [&hellip;]<\/p>\n","protected":false},"author":2,"featured_media":0,"parent":0,"menu_order":0,"comment_status":"closed","ping_status":"closed","template":"","meta":{"footnotes":""},"class_list":["post-139","page","type-page","status-publish","hentry"],"_links":{"self":[{"href":"https:\/\/bernhard-knoepfle.de\/index.php?rest_route=\/wp\/v2\/pages\/139","targetHints":{"allow":["GET"]}}],"collection":[{"href":"https:\/\/bernhard-knoepfle.de\/index.php?rest_route=\/wp\/v2\/pages"}],"about":[{"href":"https:\/\/bernhard-knoepfle.de\/index.php?rest_route=\/wp\/v2\/types\/page"}],"author":[{"embeddable":true,"href":"https:\/\/bernhard-knoepfle.de\/index.php?rest_route=\/wp\/v2\/users\/2"}],"replies":[{"embeddable":true,"href":"https:\/\/bernhard-knoepfle.de\/index.php?rest_route=%2Fwp%2Fv2%2Fcomments&post=139"}],"version-history":[{"count":3,"href":"https:\/\/bernhard-knoepfle.de\/index.php?rest_route=\/wp\/v2\/pages\/139\/revisions"}],"predecessor-version":[{"id":167,"href":"https:\/\/bernhard-knoepfle.de\/index.php?rest_route=\/wp\/v2\/pages\/139\/revisions\/167"}],"wp:attachment":[{"href":"https:\/\/bernhard-knoepfle.de\/index.php?rest_route=%2Fwp%2Fv2%2Fmedia&parent=139"}],"curies":[{"name":"wp","href":"https:\/\/api.w.org\/{rel}","templated":true}]}}